{"id":9,"date":"2019-12-26T07:26:13","date_gmt":"2019-12-26T07:26:13","guid":{"rendered":"http:\/\/www.omerfarukkorkmaz.com.tr\/?page_id=9"},"modified":"2024-07-19T07:21:11","modified_gmt":"2024-07-19T07:21:11","slug":"eserleri","status":"publish","type":"page","link":"https:\/\/omerfarukkorkmaz.com.tr\/tr\/eserleri\/","title":{"rendered":"Eserleri"},"content":{"rendered":"<div id=\"uid_186199163\" class=\"rbc-row rbc-fw-section clearfix is-fullwidth\"><div class=\"rbc-container rb-p20-gutter\"><div class=\"rbc-content\">\t\t<div id=\"uid_2278b382a\" class=\"block-wrap fw-block fw-portfolio-1 is-masonry\" >\r\n\t\t\t\t<div class=\"content-wrap\"><div class=\"content-inner rb-n20-gutter is-masonry-reload\">\r\n\t\t<div class=\"fw-ms-1\"><\/div>\t\t<div class=\"portfolio-post-type pp-wrap fw-mh-1 rb-p20-gutter post-1410 rb-portfolio type-rb-portfolio status-publish has-post-thumbnail\">\r\n\t\t\t<div class=\"pp-feat p-feat\">\r\n\t\t\t\t<a class=\"pp-feat-link\" href=\"https:\/\/omerfarukkorkmaz.com.tr\/tr\/portfolio\/tefekkurden-teyakkuza\/\" title=\"Tefekk\u00fcrden Teyakkuza\">\r\n\t\t\t\t\t<img loading=\"lazy\" decoding=\"async\" width=\"450\" height=\"675\" src=\"https:\/\/omerfarukkorkmaz.com.tr\/tr\/wp-content\/uploads\/2024\/07\/Ekran-goruntusu-2024-07-19-102143-e1721373848221-450x675.png\" class=\"attachment-pixwell_450x0 size-pixwell_450x0 wp-post-image\" alt=\"Tefekk\u00fcrden Teyakkuza\" \/>\t\t\t\t\t<span class=\"pp-overlay-icon\"><i class=\"rbi rbi-arrow-right\"><\/i><\/span>\r\n\t\t\t\t<\/a>\r\n\t\t\t<\/div>\r\n\t\t\t<div class=\"pp-body\">\r\n\t\t\t\t<h3 class=\"pp-title\">\t\t\t\t<a class=\"p-url\" href=\"https:\/\/omerfarukkorkmaz.com.tr\/tr\/portfolio\/tefekkurden-teyakkuza\/\" title=\"Tefekk\u00fcrden Teyakkuza\">Tefekk\u00fcrden Teyakkuza<\/a>\r\n\t\t\t\t<\/h3>\t\t\t\t\t\t\t<\/div>\r\n\t\t<\/div>\r\n\t\t\t\t<div class=\"portfolio-post-type pp-wrap fw-mh-1 rb-p20-gutter post-1406 rb-portfolio type-rb-portfolio status-publish has-post-thumbnail\">\r\n\t\t\t<div class=\"pp-feat p-feat\">\r\n\t\t\t\t<a class=\"pp-feat-link\" href=\"https:\/\/omerfarukkorkmaz.com.tr\/tr\/portfolio\/modern-dunyada-suurlu-mumin-olmak\/\" title=\"\u015euurlu M\u00fcmin Olmak\">\r\n\t\t\t\t\t<img loading=\"lazy\" decoding=\"async\" width=\"450\" height=\"675\" src=\"https:\/\/omerfarukkorkmaz.com.tr\/tr\/wp-content\/uploads\/2024\/07\/Suurlu-Mumin-Olmak-e1721371486525-450x675.png\" class=\"attachment-pixwell_450x0 size-pixwell_450x0 wp-post-image\" alt=\"\" \/>\t\t\t\t\t<span class=\"pp-overlay-icon\"><i class=\"rbi rbi-arrow-right\"><\/i><\/span>\r\n\t\t\t\t<\/a>\r\n\t\t\t<\/div>\r\n\t\t\t<div class=\"pp-body\">\r\n\t\t\t\t<h3 class=\"pp-title\">\t\t\t\t<a class=\"p-url\" href=\"https:\/\/omerfarukkorkmaz.com.tr\/tr\/portfolio\/modern-dunyada-suurlu-mumin-olmak\/\" title=\"\u015euurlu M\u00fcmin Olmak\">\u015euurlu M\u00fcmin Olmak<\/a>\r\n\t\t\t\t<\/h3>\t\t\t\t\t\t\t<\/div>\r\n\t\t<\/div>\r\n\t\t\t\t<div class=\"portfolio-post-type pp-wrap fw-mh-1 rb-p20-gutter post-1397 rb-portfolio type-rb-portfolio status-publish has-post-thumbnail\">\r\n\t\t\t<div class=\"pp-feat p-feat\">\r\n\t\t\t\t<a class=\"pp-feat-link\" href=\"https:\/\/omerfarukkorkmaz.com.tr\/tr\/portfolio\/sunnet-inkarcilarinin-tutarsizligi\/\" title=\"S\u00fcnnet \u0130nkarc\u0131lar\u0131n\u0131n Tutars\u0131zl\u0131\u011f\u0131\">\r\n\t\t\t\t\t<img loading=\"lazy\" decoding=\"async\" width=\"450\" height=\"675\" src=\"https:\/\/omerfarukkorkmaz.com.tr\/tr\/wp-content\/uploads\/2024\/07\/sunnet-inkarcilarinin-tutarsizligi-e1721370891291-450x675.png\" class=\"attachment-pixwell_450x0 size-pixwell_450x0 wp-post-image\" alt=\"\" \/>\t\t\t\t\t<span class=\"pp-overlay-icon\"><i class=\"rbi rbi-arrow-right\"><\/i><\/span>\r\n\t\t\t\t<\/a>\r\n\t\t\t<\/div>\r\n\t\t\t<div class=\"pp-body\">\r\n\t\t\t\t<h3 class=\"pp-title\">\t\t\t\t<a class=\"p-url\" href=\"https:\/\/omerfarukkorkmaz.com.tr\/tr\/portfolio\/sunnet-inkarcilarinin-tutarsizligi\/\" title=\"S\u00fcnnet \u0130nkarc\u0131lar\u0131n\u0131n Tutars\u0131zl\u0131\u011f\u0131\">S\u00fcnnet \u0130nkarc\u0131lar\u0131n\u0131n Tutars\u0131zl\u0131\u011f\u0131<\/a>\r\n\t\t\t\t<\/h3>\t\t\t\t\t\t\t<\/div>\r\n\t\t<\/div>\r\n\t\t\t\t<div class=\"portfolio-post-type pp-wrap fw-mh-1 rb-p20-gutter post-1391 rb-portfolio type-rb-portfolio status-publish has-post-thumbnail\">\r\n\t\t\t<div class=\"pp-feat p-feat\">\r\n\t\t\t\t<a class=\"pp-feat-link\" href=\"https:\/\/omerfarukkorkmaz.com.tr\/tr\/portfolio\/hadislerin-kurana-arzi\/\" title=\"Hadislerin Kur&#8217;\u00e2n&#8217;a Arz\u0131\">\r\n\t\t\t\t\t<img loading=\"lazy\" decoding=\"async\" width=\"450\" height=\"675\" src=\"https:\/\/omerfarukkorkmaz.com.tr\/tr\/wp-content\/uploads\/2024\/07\/Hadislerin-kurana-arzi-e1721370920453-450x675.png\" class=\"attachment-pixwell_450x0 size-pixwell_450x0 wp-post-image\" alt=\"\" \/>\t\t\t\t\t<span class=\"pp-overlay-icon\"><i class=\"rbi rbi-arrow-right\"><\/i><\/span>\r\n\t\t\t\t<\/a>\r\n\t\t\t<\/div>\r\n\t\t\t<div class=\"pp-body\">\r\n\t\t\t\t<h3 class=\"pp-title\">\t\t\t\t<a class=\"p-url\" href=\"https:\/\/omerfarukkorkmaz.com.tr\/tr\/portfolio\/hadislerin-kurana-arzi\/\" title=\"Hadislerin Kur&#8217;\u00e2n&#8217;a Arz\u0131\">Hadislerin Kur&#8217;\u00e2n&#8217;a Arz\u0131<\/a>\r\n\t\t\t\t<\/h3>\t\t\t\t\t\t\t<\/div>\r\n\t\t<\/div>\r\n\t\t\t\t<\/div><\/div>\r\n\t\t<\/div>\n<\/div><\/div><\/div>\n","protected":false},"excerpt":{"rendered":"","protected":false},"author":1,"featured_media":0,"parent":0,"menu_order":0,"comment_status":"closed","ping_status":"closed","template":"rbc-frontend.php","meta":{"content-type":"","_monsterinsights_skip_tracking":false,"_monsterinsights_sitenote_active":false,"_monsterinsights_sitenote_note":"","_monsterinsights_sitenote_category":0,"footnotes":""},"class_list":["post-9","page","type-page","status-publish"],"yoast_head":"<!-- This site is optimized with the Yoast SEO plugin v23.2 - https:\/\/yoast.com\/wordpress\/plugins\/seo\/ -->\n<title>Eserleri - \u00d6mer Faruk Korkmaz Hocaefendi<\/title>\n<meta name=\"robots\" content=\"index, follow, max-snippet:-1, max-image-preview:large, max-video-preview:-1\" \/>\n<link rel=\"canonical\" href=\"https:\/\/omerfarukkorkmaz.com.tr\/tr\/eserleri\/\" \/>\n<meta property=\"og:locale\" content=\"tr_TR\" \/>\n<meta property=\"og:type\" content=\"article\" \/>\n<meta property=\"og:title\" content=\"Eserleri - \u00d6mer Faruk Korkmaz Hocaefendi\" \/>\n<meta property=\"og:url\" content=\"https:\/\/omerfarukkorkmaz.com.tr\/tr\/eserleri\/\" \/>\n<meta property=\"og:site_name\" content=\"\u00d6mer Faruk Korkmaz Hocaefendi\" \/>\n<meta property=\"article:modified_time\" content=\"2024-07-19T07:21:11+00:00\" \/>\n<meta name=\"twitter:card\" content=\"summary_large_image\" \/>\n<meta name=\"twitter:label1\" content=\"Tahmini okuma s\u00fcresi\" \/>\n\t<meta name=\"twitter:data1\" content=\"2 dakika\" \/>\n<script type=\"application\/ld+json\" class=\"yoast-schema-graph\">{\"@context\":\"https:\/\/schema.org\",\"@graph\":[{\"@type\":\"WebPage\",\"@id\":\"https:\/\/omerfarukkorkmaz.com.tr\/tr\/eserleri\/\",\"url\":\"https:\/\/omerfarukkorkmaz.com.tr\/tr\/eserleri\/\",\"name\":\"Eserleri - \u00d6mer Faruk Korkmaz Hocaefendi\",\"isPartOf\":{\"@id\":\"https:\/\/omerfarukkorkmaz.com.tr\/tr\/#website\"},\"datePublished\":\"2019-12-26T07:26:13+00:00\",\"dateModified\":\"2024-07-19T07:21:11+00:00\",\"breadcrumb\":{\"@id\":\"https:\/\/omerfarukkorkmaz.com.tr\/tr\/eserleri\/#breadcrumb\"},\"inLanguage\":\"tr\",\"potentialAction\":[{\"@type\":\"ReadAction\",\"target\":[\"https:\/\/omerfarukkorkmaz.com.tr\/tr\/eserleri\/\"]}]},{\"@type\":\"BreadcrumbList\",\"@id\":\"https:\/\/omerfarukkorkmaz.com.tr\/tr\/eserleri\/#breadcrumb\",\"itemListElement\":[{\"@type\":\"ListItem\",\"position\":1,\"name\":\"Anasayfa\",\"item\":\"https:\/\/omerfarukkorkmaz.com.tr\/tr\/\"},{\"@type\":\"ListItem\",\"position\":2,\"name\":\"Eserleri\"}]},{\"@type\":\"WebSite\",\"@id\":\"https:\/\/omerfarukkorkmaz.com.tr\/tr\/#website\",\"url\":\"https:\/\/omerfarukkorkmaz.com.tr\/tr\/\",\"name\":\"\u00d6mer Faruk Korkmaz Hocaefendi\",\"description\":\"Resmi Web Sayfas\u0131\",\"publisher\":{\"@id\":\"https:\/\/omerfarukkorkmaz.com.tr\/tr\/#\/schema\/person\/7efd65277de8b9dc0520ec210e387854\"},\"potentialAction\":[{\"@type\":\"SearchAction\",\"target\":{\"@type\":\"EntryPoint\",\"urlTemplate\":\"https:\/\/omerfarukkorkmaz.com.tr\/tr\/?s={search_term_string}\"},\"query-input\":\"required name=search_term_string\"}],\"inLanguage\":\"tr\"},{\"@type\":[\"Person\",\"Organization\"],\"@id\":\"https:\/\/omerfarukkorkmaz.com.tr\/tr\/#\/schema\/person\/7efd65277de8b9dc0520ec210e387854\",\"name\":\"\u00d6mer Faruk Korkmaz\",\"image\":{\"@type\":\"ImageObject\",\"inLanguage\":\"tr\",\"@id\":\"https:\/\/omerfarukkorkmaz.com.tr\/tr\/#\/schema\/person\/image\/\",\"url\":\"https:\/\/omerfarukkorkmaz.com.tr\/tr\/wp-content\/uploads\/2020\/12\/cropped-nkl-2.png\",\"contentUrl\":\"https:\/\/omerfarukkorkmaz.com.tr\/tr\/wp-content\/uploads\/2020\/12\/cropped-nkl-2.png\",\"width\":512,\"height\":512,\"caption\":\"\u00d6mer Faruk Korkmaz\"},\"logo\":{\"@id\":\"https:\/\/omerfarukkorkmaz.com.tr\/tr\/#\/schema\/person\/image\/\"}}]}<\/script>\n<!-- \/ Yoast SEO plugin. -->","yoast_head_json":{"title":"Eserleri - \u00d6mer Faruk Korkmaz Hocaefendi","robots":{"index":"index","follow":"follow","max-snippet":"max-snippet:-1","max-image-preview":"max-image-preview:large","max-video-preview":"max-video-preview:-1"},"canonical":"https:\/\/omerfarukkorkmaz.com.tr\/tr\/eserleri\/","og_locale":"tr_TR","og_type":"article","og_title":"Eserleri - \u00d6mer Faruk Korkmaz Hocaefendi","og_url":"https:\/\/omerfarukkorkmaz.com.tr\/tr\/eserleri\/","og_site_name":"\u00d6mer Faruk Korkmaz Hocaefendi","article_modified_time":"2024-07-19T07:21:11+00:00","twitter_card":"summary_large_image","twitter_misc":{"Tahmini okuma s\u00fcresi":"2 dakika"},"schema":{"@context":"https:\/\/schema.org","@graph":[{"@type":"WebPage","@id":"https:\/\/omerfarukkorkmaz.com.tr\/tr\/eserleri\/","url":"https:\/\/omerfarukkorkmaz.com.tr\/tr\/eserleri\/","name":"Eserleri - \u00d6mer Faruk Korkmaz Hocaefendi","isPartOf":{"@id":"https:\/\/omerfarukkorkmaz.com.tr\/tr\/#website"},"datePublished":"2019-12-26T07:26:13+00:00","dateModified":"2024-07-19T07:21:11+00:00","breadcrumb":{"@id":"https:\/\/omerfarukkorkmaz.com.tr\/tr\/eserleri\/#breadcrumb"},"inLanguage":"tr","potentialAction":[{"@type":"ReadAction","target":["https:\/\/omerfarukkorkmaz.com.tr\/tr\/eserleri\/"]}]},{"@type":"BreadcrumbList","@id":"https:\/\/omerfarukkorkmaz.com.tr\/tr\/eserleri\/#breadcrumb","itemListElement":[{"@type":"ListItem","position":1,"name":"Anasayfa","item":"https:\/\/omerfarukkorkmaz.com.tr\/tr\/"},{"@type":"ListItem","position":2,"name":"Eserleri"}]},{"@type":"WebSite","@id":"https:\/\/omerfarukkorkmaz.com.tr\/tr\/#website","url":"https:\/\/omerfarukkorkmaz.com.tr\/tr\/","name":"\u00d6mer Faruk Korkmaz Hocaefendi","description":"Resmi Web Sayfas\u0131","publisher":{"@id":"https:\/\/omerfarukkorkmaz.com.tr\/tr\/#\/schema\/person\/7efd65277de8b9dc0520ec210e387854"},"potentialAction":[{"@type":"SearchAction","target":{"@type":"EntryPoint","urlTemplate":"https:\/\/omerfarukkorkmaz.com.tr\/tr\/?s={search_term_string}"},"query-input":"required name=search_term_string"}],"inLanguage":"tr"},{"@type":["Person","Organization"],"@id":"https:\/\/omerfarukkorkmaz.com.tr\/tr\/#\/schema\/person\/7efd65277de8b9dc0520ec210e387854","name":"\u00d6mer Faruk Korkmaz","image":{"@type":"ImageObject","inLanguage":"tr","@id":"https:\/\/omerfarukkorkmaz.com.tr\/tr\/#\/schema\/person\/image\/","url":"https:\/\/omerfarukkorkmaz.com.tr\/tr\/wp-content\/uploads\/2020\/12\/cropped-nkl-2.png","contentUrl":"https:\/\/omerfarukkorkmaz.com.tr\/tr\/wp-content\/uploads\/2020\/12\/cropped-nkl-2.png","width":512,"height":512,"caption":"\u00d6mer Faruk Korkmaz"},"logo":{"@id":"https:\/\/omerfarukkorkmaz.com.tr\/tr\/#\/schema\/person\/image\/"}}]}},"_links":{"self":[{"href":"https:\/\/omerfarukkorkmaz.com.tr\/tr\/wp-json\/wp\/v2\/pages\/9","targetHints":{"allow":["GET"]}}],"collection":[{"href":"https:\/\/omerfarukkorkmaz.com.tr\/tr\/wp-json\/wp\/v2\/pages"}],"about":[{"href":"https:\/\/omerfarukkorkmaz.com.tr\/tr\/wp-json\/wp\/v2\/types\/page"}],"author":[{"embeddable":true,"href":"https:\/\/omerfarukkorkmaz.com.tr\/tr\/wp-json\/wp\/v2\/users\/1"}],"replies":[{"embeddable":true,"href":"https:\/\/omerfarukkorkmaz.com.tr\/tr\/wp-json\/wp\/v2\/comments?post=9"}],"version-history":[{"count":10,"href":"https:\/\/omerfarukkorkmaz.com.tr\/tr\/wp-json\/wp\/v2\/pages\/9\/revisions"}],"predecessor-version":[{"id":1409,"href":"https:\/\/omerfarukkorkmaz.com.tr\/tr\/wp-json\/wp\/v2\/pages\/9\/revisions\/1409"}],"wp:attachment":[{"href":"https:\/\/omerfarukkorkmaz.com.tr\/tr\/wp-json\/wp\/v2\/media?parent=9"}],"curies":[{"name":"wp","href":"https:\/\/api.w.org\/{rel}","templated":true}]}}