{"id":7,"date":"2019-12-26T07:26:13","date_gmt":"2019-12-26T07:26:13","guid":{"rendered":"http:\/\/www.omerfarukkorkmaz.com.tr\/?page_id=7"},"modified":"2019-12-26T07:26:13","modified_gmt":"2019-12-26T07:26:13","slug":"omer-faruk-korkmaz","status":"publish","type":"page","link":"https:\/\/omerfarukkorkmaz.com.tr\/tr\/omer-faruk-korkmaz\/","title":{"rendered":"Kimdir?"},"content":{"rendered":"<p style=\"text-align: justify;\"><img loading=\"lazy\" decoding=\"async\" class=\"wp-image-765 alignleft\" src=\"https:\/\/omerfarukkorkmaz.com.tr\/tr\/wp-content\/uploads\/2020\/12\/nkl-1-300x214.png\" alt=\"\" width=\"317\" height=\"226\" srcset=\"https:\/\/omerfarukkorkmaz.com.tr\/tr\/wp-content\/uploads\/2020\/12\/nkl-1-300x214.png 300w, https:\/\/omerfarukkorkmaz.com.tr\/tr\/wp-content\/uploads\/2020\/12\/nkl-1.png 750w\" sizes=\"auto, (max-width: 317px) 100vw, 317px\" \/>1989 y\u0131l\u0131nda Trabzon\u2019un Of il\u00e7esinde do\u011fdu. Kavakp\u0131nar Kur\u2019an Kursu\u2019nda haf\u0131zl\u0131k e\u011fitimini tamamlad\u0131. Be\u015f y\u0131ll\u0131k temel medrese e\u011fitiminin ard\u0131ndan f\u0131k\u0131h ve usul alan\u0131nda ihtisas yapt\u0131. Bu s\u00fcre zarf\u0131nda muhtelif hocalardan hadis, kelam, mant\u0131k, m\u00fcnazara gibi ilimlerde de dersler ald\u0131. \u0130smaila\u011fa \u0130sl\u00e2mi Meseleleri Dan\u0131\u015fma Hatt\u0131nda bir bu\u00e7uk y\u0131l kadar vazife yapt\u0131ktan sonra medrese m\u00fcderrisli\u011fi ile g\u00f6revlendirildi. Be\u015f y\u0131l vazife yapt\u0131\u011f\u0131 \u0130lim Ara\u015ft\u0131rma Vakf\u0131\u2019nda Molla H\u00fcsrev\u2019in Usul\u2019e dair yazd\u0131\u011f\u0131 <em>Mir\u2019\u00e2tu\u2019l-Us\u00fbl<\/em> isimli eserini ve \u0130brahim el-Haleb\u00ee\u2019nin <em>M\u00fclteka\u2019l-Ebhur<\/em> isimli eserini okuttu. Halen \u0130smaila\u011fa \u0130htisas Medresesi&#8217;nde m\u00fcderrislik yapan <strong>\u00d6mer Faruk Korkmaz<\/strong>, Mez\u00e2hib ve Kelam literat\u00fcr\u00fc, M\u00fc\u015fkilu\u2019l-Had\u00ees, G\u00fcncel Kel\u00e2m\u00ee Meseleler, Dinler tarihi \u00a0derslerine girmektedir.<\/p>\n<p style=\"text-align: justify;\">Dir\u00e2yet isminde ilm\u00ee bir mecmuan\u0131n genel yay\u0131n y\u00f6netmenli\u011fini yapan <strong>Korkmaz,<\/strong> ayn\u0131 zamanda \u0130smaila\u011fa Dergisi&#8217;nin yay\u0131n kurulunda da bulunmaktad\u0131r. Yazd\u0131\u011f\u0131 yaz\u0131lar halen Dir\u00e2yet, \u0130smaila\u011fa, Laleg\u00fcl, H\u00fck\u00fcm gibi mecmualarda yay\u0131nlanmaktad\u0131r. Bunun d\u0131\u015f\u0131nda Arap\u00e7a telif ve tahkik \u00e7al\u0131\u015fmalar\u0131 da vard\u0131r. Evli olan <strong>Korkmaz<\/strong> iki \u00e7ocuk babas\u0131d\u0131r.<\/p>\n<p style=\"text-align: justify;\">\u00c7al\u0131\u015fmalar\u0131ndan baz\u0131lar\u0131 \u015funlard\u0131<\/p>\n<p style=\"text-align: justify;\">-S\u00fcnnetin H\u00fccciyyeti<\/p>\n<p>&#8211; Muhkem Kap\u0131n\u0131n Sa\u011flam Kulpu: Ehl-i S\u00fcnnet ve Cemaat<\/p>\n<p>&#8211; Kur&#8217;an Bize Yeter S\u00f6ylemine Kur&#8217;\u00e2n-\u0131 Ker\u00eem&#8217;den Cevaplar<\/p>\n<p>&#8211; Mucize: Determinizm&#8217;in Reddi, Mucize \u0130nk\u00e2rc\u0131s\u0131 Materyalistlerin ve Modernistlerin \u015e\u00fcphelerine Cevapla<\/p>\n<p>-\u0130ctihad Kavram\u0131 ve F\u0131kh\u00ee \u0130htilaflar<\/p>\n<p>-G\u00fcncel Meselelere Fetvalar (2 Cild)<\/p>\n<p>-G\u00fcne\u015fin Do\u011fmas\u0131 U\u011fruna Batan Bir G\u00fcne\u015f: \u015eehid Bayram Hoca<\/p>\n<p>-Modern \u00c7a\u011fda \u015euurlu M\u00fc&#8217;min Olmak<\/p>\n<p>-Tefekk\u00fcrden Teyakkuza<\/p>\n<p>-Muvazzah \u015eemail Terc\u00fcmesi<\/p>\n<p>-Sell\u00fc\u2019l-H\u00fcs\u00e2mi\u2019l-Hind\u00ee (Tahkik)<\/p>\n<p>&#8211; Tel\u00e2z\u00fcm\u00fc\u2019\u015f-\u015eer\u00eea ve\u2019t-Tar\u00eeka (Tahkik)<\/p>\n<p>&#8211; Dav&#8217;u&#8217;l-Me&#8217;\u00e2l\u00ee (Tahkik)<\/p>\n<p>-Med\u00e2ricu\u2019l-Vus\u00fbl \u0130l\u00e2 \u0130lmi\u2019l-Us\u00fbl -Mir\u00e2t \u00dczerine Ankarav\u00ee Ha\u015fiyesi- (Tahkik)<\/p>\n<p>-el-Ak\u00e2idu\u2019l-M\u00fcnciye mine\u2019l-Bida\u2018i\u2019l-M\u00fcrdiye- Arap\u00e7a G\u00fcncel Kelam Kitab\u0131 (Telif)<\/p>\n<p style=\"text-align: justify;\">\n","protected":false},"excerpt":{"rendered":"<p>1989 y\u0131l\u0131nda Trabzon\u2019un Of il\u00e7esinde do\u011fdu. Kavakp\u0131nar Kur\u2019an Kursu\u2019nda haf\u0131zl\u0131k e\u011fitimini tamamlad\u0131. Be\u015f y\u0131ll\u0131k temel medrese e\u011fitiminin ard\u0131ndan f\u0131k\u0131h ve usul alan\u0131nda ihtisas yapt\u0131. Bu s\u00fcre zarf\u0131nda muhtelif hocalardan hadis, kelam, mant\u0131k, m\u00fcnazara gibi ilimlerde de dersler ald\u0131. \u0130smaila\u011fa \u0130sl\u00e2mi Meseleleri Dan\u0131\u015fma Hatt\u0131nda bir bu\u00e7uk y\u0131l kadar vazife yapt\u0131ktan sonra medrese m\u00fcderrisli\u011fi ile g\u00f6revlendirildi. Be\u015f [&hellip;]<\/p>\n","protected":false},"author":1,"featured_media":0,"parent":0,"menu_order":0,"comment_status":"closed","ping_status":"closed","template":"","meta":{"content-type":"","_monsterinsights_skip_tracking":false,"_monsterinsights_sitenote_active":false,"_monsterinsights_sitenote_note":"","_monsterinsights_sitenote_category":0,"footnotes":""},"class_list":["post-7","page","type-page","status-publish"],"yoast_head":"<!-- This site is optimized with the Yoast SEO plugin v23.2 - https:\/\/yoast.com\/wordpress\/plugins\/seo\/ -->\n<title>Kimdir? - \u00d6mer Faruk Korkmaz Hocaefendi<\/title>\n<meta name=\"description\" content=\"Halen Kelam ihtisas\u0131nda m\u00fcderrislik yapan \u00d6mer Faruk Korkmaz, Mez\u00e2hib ve Kelam literat\u00fcr\u00fc, M\u00fc\u015fkilu\u2019l-Had\u00ees, G\u00fcncel Kel\u00e2m\u00ee Meseleler, Dinler tarihi \u00a0derslerine girmektedir.\" \/>\n<meta name=\"robots\" content=\"index, follow, max-snippet:-1, max-image-preview:large, max-video-preview:-1\" \/>\n<link rel=\"canonical\" href=\"https:\/\/omerfarukkorkmaz.com.tr\/tr\/omer-faruk-korkmaz\/\" \/>\n<meta property=\"og:locale\" content=\"tr_TR\" \/>\n<meta property=\"og:type\" content=\"article\" \/>\n<meta property=\"og:title\" content=\"Kimdir? - \u00d6mer Faruk Korkmaz Hocaefendi\" \/>\n<meta property=\"og:description\" content=\"Halen Kelam ihtisas\u0131nda m\u00fcderrislik yapan \u00d6mer Faruk Korkmaz, Mez\u00e2hib ve Kelam literat\u00fcr\u00fc, M\u00fc\u015fkilu\u2019l-Had\u00ees, G\u00fcncel Kel\u00e2m\u00ee Meseleler, Dinler tarihi \u00a0derslerine girmektedir.\" \/>\n<meta property=\"og:url\" content=\"https:\/\/omerfarukkorkmaz.com.tr\/tr\/omer-faruk-korkmaz\/\" \/>\n<meta property=\"og:site_name\" content=\"\u00d6mer Faruk Korkmaz Hocaefendi\" \/>\n<meta property=\"og:image\" content=\"https:\/\/omerfarukkorkmaz.com.tr\/tr\/wp-content\/uploads\/2020\/12\/nkl-1-300x214.png\" \/>\n<meta name=\"twitter:card\" content=\"summary_large_image\" \/>\n<meta name=\"twitter:label1\" content=\"Tahmini okuma s\u00fcresi\" \/>\n\t<meta name=\"twitter:data1\" content=\"2 dakika\" \/>\n<script type=\"application\/ld+json\" class=\"yoast-schema-graph\">{\"@context\":\"https:\/\/schema.org\",\"@graph\":[{\"@type\":\"WebPage\",\"@id\":\"https:\/\/omerfarukkorkmaz.com.tr\/tr\/omer-faruk-korkmaz\/\",\"url\":\"https:\/\/omerfarukkorkmaz.com.tr\/tr\/omer-faruk-korkmaz\/\",\"name\":\"Kimdir? - \u00d6mer Faruk Korkmaz Hocaefendi\",\"isPartOf\":{\"@id\":\"https:\/\/omerfarukkorkmaz.com.tr\/tr\/#website\"},\"primaryImageOfPage\":{\"@id\":\"https:\/\/omerfarukkorkmaz.com.tr\/tr\/omer-faruk-korkmaz\/#primaryimage\"},\"image\":{\"@id\":\"https:\/\/omerfarukkorkmaz.com.tr\/tr\/omer-faruk-korkmaz\/#primaryimage\"},\"thumbnailUrl\":\"https:\/\/omerfarukkorkmaz.com.tr\/tr\/wp-content\/uploads\/2020\/12\/nkl-1-300x214.png\",\"datePublished\":\"2019-12-26T07:26:13+00:00\",\"dateModified\":\"2019-12-26T07:26:13+00:00\",\"description\":\"Halen Kelam ihtisas\u0131nda m\u00fcderrislik yapan \u00d6mer Faruk Korkmaz, Mez\u00e2hib ve Kelam literat\u00fcr\u00fc, M\u00fc\u015fkilu\u2019l-Had\u00ees, G\u00fcncel Kel\u00e2m\u00ee Meseleler, Dinler tarihi \u00a0derslerine girmektedir.\",\"breadcrumb\":{\"@id\":\"https:\/\/omerfarukkorkmaz.com.tr\/tr\/omer-faruk-korkmaz\/#breadcrumb\"},\"inLanguage\":\"tr\",\"potentialAction\":[{\"@type\":\"ReadAction\",\"target\":[\"https:\/\/omerfarukkorkmaz.com.tr\/tr\/omer-faruk-korkmaz\/\"]}]},{\"@type\":\"ImageObject\",\"inLanguage\":\"tr\",\"@id\":\"https:\/\/omerfarukkorkmaz.com.tr\/tr\/omer-faruk-korkmaz\/#primaryimage\",\"url\":\"https:\/\/omerfarukkorkmaz.com.tr\/tr\/wp-content\/uploads\/2020\/12\/nkl-1.png\",\"contentUrl\":\"https:\/\/omerfarukkorkmaz.com.tr\/tr\/wp-content\/uploads\/2020\/12\/nkl-1.png\",\"width\":750,\"height\":535},{\"@type\":\"BreadcrumbList\",\"@id\":\"https:\/\/omerfarukkorkmaz.com.tr\/tr\/omer-faruk-korkmaz\/#breadcrumb\",\"itemListElement\":[{\"@type\":\"ListItem\",\"position\":1,\"name\":\"Anasayfa\",\"item\":\"https:\/\/omerfarukkorkmaz.com.tr\/tr\/\"},{\"@type\":\"ListItem\",\"position\":2,\"name\":\"Kimdir?\"}]},{\"@type\":\"WebSite\",\"@id\":\"https:\/\/omerfarukkorkmaz.com.tr\/tr\/#website\",\"url\":\"https:\/\/omerfarukkorkmaz.com.tr\/tr\/\",\"name\":\"\u00d6mer Faruk Korkmaz Hocaefendi\",\"description\":\"Resmi Web Sayfas\u0131\",\"publisher\":{\"@id\":\"https:\/\/omerfarukkorkmaz.com.tr\/tr\/#\/schema\/person\/7efd65277de8b9dc0520ec210e387854\"},\"potentialAction\":[{\"@type\":\"SearchAction\",\"target\":{\"@type\":\"EntryPoint\",\"urlTemplate\":\"https:\/\/omerfarukkorkmaz.com.tr\/tr\/?s={search_term_string}\"},\"query-input\":\"required name=search_term_string\"}],\"inLanguage\":\"tr\"},{\"@type\":[\"Person\",\"Organization\"],\"@id\":\"https:\/\/omerfarukkorkmaz.com.tr\/tr\/#\/schema\/person\/7efd65277de8b9dc0520ec210e387854\",\"name\":\"\u00d6mer Faruk Korkmaz\",\"image\":{\"@type\":\"ImageObject\",\"inLanguage\":\"tr\",\"@id\":\"https:\/\/omerfarukkorkmaz.com.tr\/tr\/#\/schema\/person\/image\/\",\"url\":\"https:\/\/omerfarukkorkmaz.com.tr\/tr\/wp-content\/uploads\/2020\/12\/cropped-nkl-2.png\",\"contentUrl\":\"https:\/\/omerfarukkorkmaz.com.tr\/tr\/wp-content\/uploads\/2020\/12\/cropped-nkl-2.png\",\"width\":512,\"height\":512,\"caption\":\"\u00d6mer Faruk Korkmaz\"},\"logo\":{\"@id\":\"https:\/\/omerfarukkorkmaz.com.tr\/tr\/#\/schema\/person\/image\/\"}}]}<\/script>\n<!-- \/ Yoast SEO plugin. -->","yoast_head_json":{"title":"Kimdir? - \u00d6mer Faruk Korkmaz Hocaefendi","description":"Halen Kelam ihtisas\u0131nda m\u00fcderrislik yapan \u00d6mer Faruk Korkmaz, Mez\u00e2hib ve Kelam literat\u00fcr\u00fc, M\u00fc\u015fkilu\u2019l-Had\u00ees, G\u00fcncel Kel\u00e2m\u00ee Meseleler, Dinler tarihi \u00a0derslerine girmektedir.","robots":{"index":"index","follow":"follow","max-snippet":"max-snippet:-1","max-image-preview":"max-image-preview:large","max-video-preview":"max-video-preview:-1"},"canonical":"https:\/\/omerfarukkorkmaz.com.tr\/tr\/omer-faruk-korkmaz\/","og_locale":"tr_TR","og_type":"article","og_title":"Kimdir? - \u00d6mer Faruk Korkmaz Hocaefendi","og_description":"Halen Kelam ihtisas\u0131nda m\u00fcderrislik yapan \u00d6mer Faruk Korkmaz, Mez\u00e2hib ve Kelam literat\u00fcr\u00fc, M\u00fc\u015fkilu\u2019l-Had\u00ees, G\u00fcncel Kel\u00e2m\u00ee Meseleler, Dinler tarihi \u00a0derslerine girmektedir.","og_url":"https:\/\/omerfarukkorkmaz.com.tr\/tr\/omer-faruk-korkmaz\/","og_site_name":"\u00d6mer Faruk Korkmaz Hocaefendi","og_image":[{"url":"https:\/\/omerfarukkorkmaz.com.tr\/tr\/wp-content\/uploads\/2020\/12\/nkl-1-300x214.png"}],"twitter_card":"summary_large_image","twitter_misc":{"Tahmini okuma s\u00fcresi":"2 dakika"},"schema":{"@context":"https:\/\/schema.org","@graph":[{"@type":"WebPage","@id":"https:\/\/omerfarukkorkmaz.com.tr\/tr\/omer-faruk-korkmaz\/","url":"https:\/\/omerfarukkorkmaz.com.tr\/tr\/omer-faruk-korkmaz\/","name":"Kimdir? - \u00d6mer Faruk Korkmaz Hocaefendi","isPartOf":{"@id":"https:\/\/omerfarukkorkmaz.com.tr\/tr\/#website"},"primaryImageOfPage":{"@id":"https:\/\/omerfarukkorkmaz.com.tr\/tr\/omer-faruk-korkmaz\/#primaryimage"},"image":{"@id":"https:\/\/omerfarukkorkmaz.com.tr\/tr\/omer-faruk-korkmaz\/#primaryimage"},"thumbnailUrl":"https:\/\/omerfarukkorkmaz.com.tr\/tr\/wp-content\/uploads\/2020\/12\/nkl-1-300x214.png","datePublished":"2019-12-26T07:26:13+00:00","dateModified":"2019-12-26T07:26:13+00:00","description":"Halen Kelam ihtisas\u0131nda m\u00fcderrislik yapan \u00d6mer Faruk Korkmaz, Mez\u00e2hib ve Kelam literat\u00fcr\u00fc, M\u00fc\u015fkilu\u2019l-Had\u00ees, G\u00fcncel Kel\u00e2m\u00ee Meseleler, Dinler tarihi \u00a0derslerine girmektedir.","breadcrumb":{"@id":"https:\/\/omerfarukkorkmaz.com.tr\/tr\/omer-faruk-korkmaz\/#breadcrumb"},"inLanguage":"tr","potentialAction":[{"@type":"ReadAction","target":["https:\/\/omerfarukkorkmaz.com.tr\/tr\/omer-faruk-korkmaz\/"]}]},{"@type":"ImageObject","inLanguage":"tr","@id":"https:\/\/omerfarukkorkmaz.com.tr\/tr\/omer-faruk-korkmaz\/#primaryimage","url":"https:\/\/omerfarukkorkmaz.com.tr\/tr\/wp-content\/uploads\/2020\/12\/nkl-1.png","contentUrl":"https:\/\/omerfarukkorkmaz.com.tr\/tr\/wp-content\/uploads\/2020\/12\/nkl-1.png","width":750,"height":535},{"@type":"BreadcrumbList","@id":"https:\/\/omerfarukkorkmaz.com.tr\/tr\/omer-faruk-korkmaz\/#breadcrumb","itemListElement":[{"@type":"ListItem","position":1,"name":"Anasayfa","item":"https:\/\/omerfarukkorkmaz.com.tr\/tr\/"},{"@type":"ListItem","position":2,"name":"Kimdir?"}]},{"@type":"WebSite","@id":"https:\/\/omerfarukkorkmaz.com.tr\/tr\/#website","url":"https:\/\/omerfarukkorkmaz.com.tr\/tr\/","name":"\u00d6mer Faruk Korkmaz Hocaefendi","description":"Resmi Web Sayfas\u0131","publisher":{"@id":"https:\/\/omerfarukkorkmaz.com.tr\/tr\/#\/schema\/person\/7efd65277de8b9dc0520ec210e387854"},"potentialAction":[{"@type":"SearchAction","target":{"@type":"EntryPoint","urlTemplate":"https:\/\/omerfarukkorkmaz.com.tr\/tr\/?s={search_term_string}"},"query-input":"required name=search_term_string"}],"inLanguage":"tr"},{"@type":["Person","Organization"],"@id":"https:\/\/omerfarukkorkmaz.com.tr\/tr\/#\/schema\/person\/7efd65277de8b9dc0520ec210e387854","name":"\u00d6mer Faruk Korkmaz","image":{"@type":"ImageObject","inLanguage":"tr","@id":"https:\/\/omerfarukkorkmaz.com.tr\/tr\/#\/schema\/person\/image\/","url":"https:\/\/omerfarukkorkmaz.com.tr\/tr\/wp-content\/uploads\/2020\/12\/cropped-nkl-2.png","contentUrl":"https:\/\/omerfarukkorkmaz.com.tr\/tr\/wp-content\/uploads\/2020\/12\/cropped-nkl-2.png","width":512,"height":512,"caption":"\u00d6mer Faruk Korkmaz"},"logo":{"@id":"https:\/\/omerfarukkorkmaz.com.tr\/tr\/#\/schema\/person\/image\/"}}]}},"_links":{"self":[{"href":"https:\/\/omerfarukkorkmaz.com.tr\/tr\/wp-json\/wp\/v2\/pages\/7","targetHints":{"allow":["GET"]}}],"collection":[{"href":"https:\/\/omerfarukkorkmaz.com.tr\/tr\/wp-json\/wp\/v2\/pages"}],"about":[{"href":"https:\/\/omerfarukkorkmaz.com.tr\/tr\/wp-json\/wp\/v2\/types\/page"}],"author":[{"embeddable":true,"href":"https:\/\/omerfarukkorkmaz.com.tr\/tr\/wp-json\/wp\/v2\/users\/1"}],"replies":[{"embeddable":true,"href":"https:\/\/omerfarukkorkmaz.com.tr\/tr\/wp-json\/wp\/v2\/comments?post=7"}],"version-history":[{"count":0,"href":"https:\/\/omerfarukkorkmaz.com.tr\/tr\/wp-json\/wp\/v2\/pages\/7\/revisions"}],"wp:attachment":[{"href":"https:\/\/omerfarukkorkmaz.com.tr\/tr\/wp-json\/wp\/v2\/media?parent=7"}],"curies":[{"name":"wp","href":"https:\/\/api.w.org\/{rel}","templated":true}]}}